{"id":1550,"date":"2020-06-22T12:31:00","date_gmt":"2020-06-22T12:31:00","guid":{"rendered":"http:\/\/agrauxine.kinsta.cloud\/2020\/mentions-legales\/"},"modified":"2020-11-26T23:35:43","modified_gmt":"2020-11-26T23:35:43","slug":"notas-legales","status":"publish","type":"page","link":"https:\/\/agrauxine.com\/es\/notas-legales\/","title":{"rendered":"Notas legales"},"content":{"rendered":"\r\n<p>T\u00c9RMINOS Y CONDICIONES de la p\u00e1gina web Agrauxine<br \/>Este sitio web es presentado por Agrauxine, sus filiales. El uso de este sitio se rige por los t\u00e9rminos y condiciones detallados a continuaci\u00f3n. Al utilizar este sitio, usted acepta cumplir con los presentes t\u00e9rminos.<\/p>\r\n<p>SI USTED NO ACEPTA LOS T\u00c9RMINOS MOSTRADOS A CONTINUACI\u00d3N, POR FAVOR DEJE ESTE SITIO WEB INMEDIATAMENTE.<\/p>\r\n<h3 class=\"wp-block-heading\">Informaci\u00f3n legal<\/h3>\r\n<p>El contenido presentado en este sitio web www.agrauxine.com ha sido creado exclusivamente con el prop\u00f3sito de proporcionar informaci\u00f3n sobre Agrauxine. No se puede hacer uso comercial de los datos mostrados en el sitio sin el previo acuerdo por escrito de Agrauxine, el editor del sitio. El uso del sitio se rige por los siguientes t\u00e9rminos y condiciones.<\/p>\r\n<h3>Condiciones generales de uso<\/h3>\r\n<p>El control y la administraci\u00f3n del sitio se realizan desde la sede administrativa de Agrauxine en Beaucouz\u00e9 (Francia), que no hace ning\u00fan reclamo de que este material est\u00e1 adaptado o disponible para su uso en todos los pa\u00edses. Si est\u00e1 utilizando el sitio desde otras regiones, es su responsabilidad asegurarse de que se ajusta a las leyes y reglamentos locales.<\/p>\r\n<p>Agrauxine se reserva el derecho de modificar o corregir el contenido del sitio en cualquier momento, sin previo aviso, adem\u00e1s de los presentes t\u00e9rminos. No puede considerarse responsable de las posibles consecuencias de tales modificaciones. Si alguna parte de estos t\u00e9rminos parece ser inaplicable, dicha parte se interpretar\u00e1 de acuerdo con la ley aplicable en la medida de lo posible, y todas las dem\u00e1s disposiciones seguir\u00e1n siendo v\u00e1lidas.<\/p>\r\n<h3>Derechos de propiedad intelectual<\/h3>\r\n<p>El sitio en su totalidad es propiedad de Agrauxine, al igual que todos los derechos relacionados. Toda reproducci\u00f3n parcial o total siempre debe estar sujeta a la autorizaci\u00f3n de los propietarios del sitio.<br \/>La presentaci\u00f3n y contenido del sitio web constituyen conjuntamente una \u00abobra\u00bb protegida por la legislaci\u00f3n aplicable sobre los derechos de propiedad intelectual de Agrauxine.<\/p>\r\n<h3>Derechos de autor<\/h3>\r\n<p>El texto, las im\u00e1genes, los dibujos, el dise\u00f1o y la identidad gr\u00e1fica de este sitio est\u00e1n protegidos por la legislaci\u00f3n de propiedad intelectual. La copia, extracci\u00f3n, circulaci\u00f3n, difusi\u00f3n o modificaci\u00f3n del contenido de este sitio con fines comerciales est\u00e1 estrictamente prohibido. La descarga e impresi\u00f3n de texto, im\u00e1genes y caracter\u00edsticas gr\u00e1ficas est\u00e1 autorizada \u00fanicamente para uso privado, con exclusi\u00f3n de todo uso comercial. La reproducci\u00f3n de dibujos, im\u00e1genes, archivos de audio, secuencias de v\u00eddeo y textos en otras publicaciones electr\u00f3nicas o impresas est\u00e1 sujeta al acuerdo previo por escrito de Agrauxine.<\/p>\r\n<p>Cualquier falta de obtener tal autorizaci\u00f3n ser\u00e1 tratada y perseguida como un caso de infracci\u00f3n del derecho de propiedad intelectual.<\/p>\r\n<p>Agrauxine autoriza la descarga de una copia de la informaci\u00f3n a un \u00e1rea de almacenamiento temporal estrictamente para fines de consulta privada solamente, a condici\u00f3n de que usted no elimine, altere o modifique las p\u00e1ginas o el contenido en cuesti\u00f3n, ni cambie ning\u00fan logotipo de copyright u otro s\u00edmbolo, tales como los s\u00edmbolos relativos a marcas registradas, reserva de derechos, o cualquier otro derecho protegido (copyright, s\u00edmbolos \u00ab\u00a9\u00bb o \u00ab\u00ae\u00bb, etc.), datos de trazabilidad digital o cualquier otro aspecto t\u00e9cnico creado para fines de reconocimiento.<\/p>\r\n<h3>Marcas comerciales<\/h3>\r\n<p>Las marcas registradas y logotipos que aparecen en el sitio est\u00e1n registrados y protegidos. La reproducci\u00f3n total o parcial de estas marcas y \/ o logotipos realizados sobre la base de elementos que figuran en el sitio sin la autorizaci\u00f3n expresa de Agrauxine constituye un acto de infracci\u00f3n, sancionado por los art\u00edculos L.335-2 y siguientes del C\u00f3digo de la Propiedad Intelectual.<\/p>\r\n<h3>Bases de datos<\/h3>\r\n<p>Las bases de datos creadas por Agrauxine est\u00e1n protegidas por la ley de derechos de autor y por la ley de 1 de julio de 1998 adaptando el c\u00f3digo de propiedad intelectual para incorporar la directiva europea de 11 de marzo de 1996 sobre protecci\u00f3n jur\u00eddica de bases de datos. A menos que se haya obtenido el acuerdo previo por escrito de Agrauxine, toda reproducci\u00f3n, representaci\u00f3n, adaptaci\u00f3n, traducci\u00f3n y \/ o modificaci\u00f3n (parcial o total) o cualquier transferencia a otro sitio est\u00e1 estrictamente prohibida.<\/p>\r\n<h3>Contestaciones<\/h3>\r\n<p>Con excepci\u00f3n de las disposiciones expresas detalladas anteriormente, ning\u00fan aspecto del presente documento puede ser interpretado como otorgando cualquier licencia, derecho, derecho de autor u otros derechos de propiedad intelectual de cualquier forma. Si, en su calidad de titular de un derecho de propiedad intelectual, siente que su trabajo ha sido copiado o distribuido injustamente a trav\u00e9s de este sitio, por favor inf\u00f3rmenos inmediatamente a Agrauxine de este escrito escribiendo a la siguiente direcci\u00f3n:<\/p>\r\n<p><strong>Agrauxine<\/strong><\/p>\r\n<p>4 rue Henri Becquerel, 49070 Beaucouz\u00e9 \u2013 Francia<br \/>A la atenci\u00f3n del departamento jur\u00eddico (Servicio Jur\u00eddico).<\/p>\r\n<h3>Contactando Agrauxine<\/h3>\r\n<p>Sus mensajes son siempre bienvenidos en el sitio web de Agrauxine. Cualquier mensaje o documento que usted pueda enviar al sitio web por correo electr\u00f3nico o por cualquier otro medio, incluyendo (por ejemplo) datos personales, preguntas o respuestas, comentarios, sugerencias o cualquier otra informaci\u00f3n, ser\u00e1 tratado como no confidencial y no -exclusivo.<\/p>\r\n<p>Cualquier dato que pueda presentar o poner en l\u00ednea podr\u00e1 ser utilizado por Agrauxine o cedido a terceros por Agrauxine para cualquier prop\u00f3sito, incluyendo (pero no limitado a) el alquiler de listas de correo, proponiendo productos o servicios, reproducci\u00f3n, divulgaci\u00f3n, Transmisi\u00f3n, publicaci\u00f3n, radiodifusi\u00f3n o inclusi\u00f3n en Internet.<\/p>\r\n<p>Adem\u00e1s, Agrauxine es libre de utilizar cualquier idea, concepto, conocimiento o t\u00e9cnicas contenidas en cualquier mensaje que env\u00ede al sitio web independientemente de su tema.<\/p>\r\n<h3>Exclusi\u00f3n de responsabilidad<\/h3>\r\n<p>Es posible que los documentos presentados en este sitio contengan inexactitudes o errores. El uso y las visitas a este sitio web se realizan bajo su propio riesgo. Ni Agrauxine ni ninguna otra parte involucrada en la creaci\u00f3n, producci\u00f3n o entrega de este sitio estar\u00e1 obligada a pagar cualquier da\u00f1o directo o indirecto o compensaci\u00f3n resultante de su acceso o uso de este sitio.<\/p>\r\n<p>Agrauxine no garantiza que los aspectos funcionales del sitio web nunca ser\u00e1n interrumpidos o libres de errores, ni que este sitio web o el servidor que proporciona acceso a \u00e9l est\u00e1n libres de virus u otros componentes peligrosos.<\/p>\r\n<p>Sin limitar de ninguna manera lo anterior, toda la informaci\u00f3n y datos contenidos en este sitio se le propone \u00abTAL CUAL\u00bb, es decir, SIN GARANT\u00cdA EXPRESA O IMPL\u00cdCITA DE CUALQUIER FORMA. Agrauxine se reserva el derecho de realizar cambios en este sitio web en cualquier momento, sin previo aviso.<\/p>\r\n<h3>Enlaces<\/h3>\r\n<p>Agrauxine no puede ser considerado responsable de los enlaces creados directa o indirectamente de su sitio web, o para el contenido de otros sitios web. La creaci\u00f3n de enlaces de hipertexto al sitio s\u00f3lo puede proceder sujeto al acuerdo previo por escrito de Agrauxine, que puede ser revocado en cualquier momento. La existencia de cualquier enlace a sitios vinculados al sitio web Agrauxine.com no implica la aprobaci\u00f3n por Agrauxine del contenido de las p\u00e1ginas alojadas en el sitio web o de cualquier otro sitio vinculado al sitio web Agrauxine.com. En consecuencia, accede a otras p\u00e1ginas web o sitios web fuera del sitio a trav\u00e9s de enlaces a su propio riesgo y bajo su propia responsabilidad.<\/p>\r\n<p>De conformidad con la Ley de Inform\u00e1tica y Libertades N\u00ba 78-17 de 6 de enero de 1978, el tratamiento de datos nombrados en el sitio web agrauxine.com est\u00e1 sujeto a una declaraci\u00f3n ante la CNIL Autoridad de Protecci\u00f3n de Datos franc\u00e9s). Usted tiene derecho a acceder, modificar, rectificar y eliminar cualquier dato que le concierna.<\/p>\r\n<p>Para ello, env\u00ede su solicitud por escrito a la siguiente direcci\u00f3n:<br \/>Agrauxine \u2013 Grupo de Comunicaci\u00f3n<br \/>4 rue Henri Becquerel, 49070 Beaucouz\u00e9 \u2013 Francia<\/p>\r\n<h3>Informaci\u00f3n sobre cookies<\/h3>\r\n<p>Con el fin de mejorar nuestro servicio a usted, medimos el n\u00famero de visitas a p\u00e1ginas, el n\u00famero de visitas, adem\u00e1s de la actividad de los visitantes de nuestro sitio web, incluyendo su tasa de retorno. Para lograr esto, usamos \u00abcookies\u00bb. Estos son emitidos por el servidor de la empresa OVH, que alberga el sitio www.Agrauxine.com. Las cookies utilizadas por www.Agrauxine.com contienen: un identificador \u00fanico generado al azar, adem\u00e1s de la fecha de su \u00faltima visita.<\/p>\r\n<p>Usted puede rechazar aceptar cookies o elegir estar informado antes de aceptar cookies configurando su computadora de la siguiente manera:<\/p>\r\n<p>Para Microsoft Internet Explorer:<br \/>1. Haga clic en el bot\u00f3n Herramientas y luego en Opciones de Internet.<br \/>2. Haga clic en la pesta\u00f1a Privacidad y en Configuraci\u00f3n, mueva el control deslizante hacia arriba para bloquear todas las cookies y, a continuaci\u00f3n, haga clic en Aceptar.<\/p>\r\n<p>Para Mozilla Firefox:<br \/>1. Haga clic en el bot\u00f3n de men\u00fa y elija Opciones<br \/>2. Seleccione la pesta\u00f1a Privacidad<br \/>3. En Historial &gt; Firefox: seleccione Usar configuraci\u00f3n personalizada para el historial<br \/>4. Desactive la opci\u00f3n Aceptar cookies de los sitios para desactivarlos<\/p>\r\n<p>Para Google Chrome:<br \/>1. Haga clic en el bot\u00f3n de men\u00fa de Chrome y seleccione Configuraci\u00f3n<br \/>2. En la parte inferior de la p\u00e1gina, haga clic en Mostrar configuraci\u00f3n avanzada<br \/>3. Para desactivar las cookies, seleccione Bloquear sitios de la configuraci\u00f3n de cualquier dato<br \/>4. Haga clic en Hecho para guardar<\/p>\r\n<p>Para Safari :<br \/>1. Vaya a Safari &gt; Preferencias y haga clic en Privacidad<br \/>2. En Cookies y datos del sitio web, seleccione Bloquear siempre<\/p>\r\n<h3>Competencia jur\u00eddica<\/h3>\r\n<p>En caso de litigio, s\u00f3lo se aplicar\u00e1 la ley francesa y s\u00f3lo los tribunales de Lille (Francia) ser\u00e1n considerados competentes.<\/p>\r\n<p>\u00a9 20156\u2013 Agrauxine \u2013 Todos los derechos reservados.<\/p>\r\n<p><strong>Gerente de la publicaci\u00f3n:<\/strong><br \/>HUGO BONY<\/p>\r\n<p><strong>Propietario del sitio \/ editor:<\/strong><br \/>\u201cAGRAUXINE (AGRAUXINE)\u201d:<br \/>4 rue Henri Becquerel, 49070 Beaucouz\u00e9 \u2013 Francia<\/p>\r\n","protected":false},"excerpt":{"rendered":"<p>T\u00c9RMINOS Y CONDICIONES de la p\u00e1gina web AgrauxineEste sitio web es presentado por Agrauxine, sus filiales. El uso de este sitio se rige por los t\u00e9rminos y condiciones detallados a continuaci\u00f3n. Al utilizar este sitio, usted acepta cumplir con los presentes t\u00e9rminos. SI USTED NO ACEPTA LOS T\u00c9RMINOS MOSTRADOS A CONTINUACI\u00d3N, POR FAVOR DEJE ESTE [&hellip;]<\/p>\n","protected":false},"author":1,"featured_media":0,"parent":0,"menu_order":85,"comment_status":"closed","ping_status":"closed","template":"template-mentions.php","meta":{"_acf_changed":false,"footnotes":""},"class_list":["post-1550","page","type-page","status-publish","hentry"],"acf":[],"_links":{"self":[{"href":"https:\/\/agrauxine.com\/es\/wp-json\/wp\/v2\/pages\/1550","targetHints":{"allow":["GET"]}}],"collection":[{"href":"https:\/\/agrauxine.com\/es\/wp-json\/wp\/v2\/pages"}],"about":[{"href":"https:\/\/agrauxine.com\/es\/wp-json\/wp\/v2\/types\/page"}],"author":[{"embeddable":true,"href":"https:\/\/agrauxine.com\/es\/wp-json\/wp\/v2\/users\/1"}],"replies":[{"embeddable":true,"href":"https:\/\/agrauxine.com\/es\/wp-json\/wp\/v2\/comments?post=1550"}],"version-history":[{"count":5,"href":"https:\/\/agrauxine.com\/es\/wp-json\/wp\/v2\/pages\/1550\/revisions"}],"predecessor-version":[{"id":4645,"href":"https:\/\/agrauxine.com\/es\/wp-json\/wp\/v2\/pages\/1550\/revisions\/4645"}],"wp:attachment":[{"href":"https:\/\/agrauxine.com\/es\/wp-json\/wp\/v2\/media?parent=1550"}],"curies":[{"name":"wp","href":"https:\/\/api.w.org\/{rel}","templated":true}]}}