{"id":3,"date":"2020-06-22T12:31:00","date_gmt":"2020-06-22T12:31:00","guid":{"rendered":"http:\/\/agrauxine.kinsta.cloud\/2020\/?page_id=3"},"modified":"2020-11-24T16:37:55","modified_gmt":"2020-11-24T16:37:55","slug":"mentions-legales","status":"publish","type":"page","link":"https:\/\/agrauxine.com\/fr\/mentions-legales\/","title":{"rendered":"Mentions l\u00e9gales"},"content":{"rendered":"\r\n<p>TERMES ET CONDITIONS du Site Web Agrauxine<br \/>Ce Site Web sur Internet vous est pr\u00e9sent\u00e9 par Agrauxine\u00ae \u00a0et ses filiales. L\u2019utilisation que vous faites de ce Site Web est r\u00e9gie par les termes et conditions ci-apr\u00e8s. En utilisant ce site, vous acceptez les pr\u00e9sents termes.<\/p>\r\n<p>SI VOUS N\u2019ACCEPTEZ PAS LES TERMES CI-DESSOUS, VEUILLEZ QUITTER\u00a0IMM\u00c9DIATEMENT\u00a0CE SITE WEB.<\/p>\r\n<h3 class=\"wp-block-heading\">Mentions l\u00e9gales<\/h3>\r\n<p>Les contenus qui figurent dans ce site internet www.Agrauxine.com ont \u00e9t\u00e9 cr\u00e9\u00e9s uniquement \u00e0 des fins d\u2019information sur Agrauxine. Aucune exploitation commerciale des donn\u00e9es figurant sur le site ne peut \u00eatre effectu\u00e9e sans autorisation pr\u00e9alable et \u00e9crite de la soci\u00e9t\u00e9 Agrauxine, \u00e9ditrice du site. L\u2019utilisation que vous faites du site est r\u00e9gie par les termes et conditions ci-apr\u00e8s.<br \/>Dispositions g\u00e9n\u00e9rales d\u2019utilisation<\/p>\r\n<p>Le contr\u00f4le et la gestion du site sont effectu\u00e9s depuis le si\u00e8ge administratif de Agrauxine \u00e0 Beaucouz\u00e9(France) qui ne pr\u00e9tend pas que ces mat\u00e9riels soient adapt\u00e9s ou disponibles pour une utilisation dans tous les pays. Si vous utilisez le site depuis d\u2019autres r\u00e9gions, vous avez la responsabilit\u00e9 de vous conformer aux lois locales applicables en place.<\/p>\r\n<p>Agrauxine se r\u00e9serve le droit de modifier ou de corriger, \u00e0 tout moment et ce, sans pr\u00e9avis, le contenu du site et les pr\u00e9sentes conditions. Il ne peut \u00eatre tenu pour responsable des cons\u00e9quences \u00e9ventuelles de ces modifications.<\/p>\r\n<p>Si une partie quelconque de ces termes appara\u00eet comme non-applicable, cette partie sera interpr\u00e9t\u00e9e en accord avec la loi applicable autant que faire se peut et le reste des dispositions conservera toute sa validit\u00e9.<\/p>\r\n<h3>Propri\u00e9t\u00e9 intellectuelle<\/h3>\r\n<p>Le site est la propri\u00e9t\u00e9 d\u2019Agrauxine en sa totalit\u00e9, ainsi que l\u2019ensemble des droits y aff\u00e9rents. Toute reproduction, int\u00e9grale ou partielle, est syst\u00e9matiquement soumise \u00e0 l\u2019autorisation des propri\u00e9taires.<\/p>\r\n<p>La pr\u00e9sentation et le contenu du site constituent, ensemble, une \u0153uvre prot\u00e9g\u00e9e par les lois en vigueur sur la propri\u00e9t\u00e9 intellectuelle, dont Agrauxine est titulaire.<\/p>\r\n<h3>Droits d\u2019auteur<\/h3>\r\n<p>Les textes, images, dessins et le lay-out ainsi que la charte graphique du pr\u00e9sent site sont prot\u00e9g\u00e9s par le droit de la propri\u00e9t\u00e9 intellectuelle.<\/p>\r\n<p>Il est interdit de copier, extraire, diffuser ou modifier le contenu du pr\u00e9sent site \u00e0 des fins commerciales. Le t\u00e9l\u00e9chargement ainsi que l\u2019impression de texte, images et \u00e9l\u00e9ments graphiques sont autoris\u00e9s au seul usage priv\u00e9 et non commercial. La reproduction de dessins, images, documents sonores, s\u00e9quences vid\u00e9o et textes dans d\u2019autres publications \u00e9lectroniques ou imprim\u00e9es n\u00e9cessite le consentement \u00e9crit pr\u00e9alable de Agrauxine.<\/p>\r\n<p>Le d\u00e9faut d\u2019autorisation est sanctionn\u00e9 par le d\u00e9lit de contrefa\u00e7on.<\/p>\r\n<p>Agrauxine autorise le t\u00e9l\u00e9chargement d\u2019une copie des informations dans un espace de stockage temporaire aux seules fins de consultation priv\u00e9e, sous r\u00e9serve que vous n\u2019effaciez, ne supprimiez, n\u2019alt\u00e9riez, ne modifiiez les pages ou le contenu, ni ne changiez aucun copyright, logo, ni autre signe tels que les symboles de r\u00e9serve des droits de marques ou autres droits prot\u00e9g\u00e9s (copyright, symboles \u201c\u00a9\u201d ou \u201c\u00ae\u201d), les traces digitales ou tout autre moyen technique cr\u00e9\u00e9 pour la reconnaissance.<\/p>\r\n<h3>Marques<\/h3>\r\n<p>Les marques et logos figurant sur le site sont des marques d\u00e9pos\u00e9es et prot\u00e9g\u00e9es.<br \/>Toute reproduction totale ou partielle de ces marques et\/ou logos, effectu\u00e9e \u00e0 partir des \u00e9l\u00e9ments du site sans l\u2019autorisation expresse de Agrauxine est constitutif de contrefa\u00e7on sanctionn\u00e9e par les articles L.335-2 et suivants du Code de la propri\u00e9t\u00e9 intellectuelle.<\/p>\r\n<h3>Bases de donn\u00e9es<\/h3>\r\n<p>Les bases de donn\u00e9es \u00e9tablies par Agrauxine sont prot\u00e9g\u00e9es par le droit d\u2019auteur ainsi que par la loi du 1er juillet 1998 portant transposition dans le Code de la propri\u00e9t\u00e9 intellectuelle de la directive europ\u00e9enne du 11 mars 1996 relative \u00e0 la protection juridique des bases de donn\u00e9es.<br \/>Sauf autorisation \u00e9crite de Agrauxine, toute reproduction, repr\u00e9sentation, adaptation, traduction et\/ou modification, partielle ou int\u00e9grale, ou transfert vers un autre site sont interdits.<\/p>\r\n<h3>Contestation<\/h3>\r\n<p>A l\u2019exception des dispositions expresses pr\u00e9vues ci-dessus, rien de ce qui est contenu dans les pr\u00e9sentes ne saurait \u00eatre interpr\u00e9t\u00e9 comme accordant une quelconque licence ou droit au terme d\u2019un quelconque copyright ou autre droit de propri\u00e9t\u00e9 intellectuelle. Si en tant que d\u00e9tenteur d\u2019un droit de propri\u00e9t\u00e9 intellectuelle, vous pensez que votre oeuvre a \u00e9t\u00e9 ind\u00fbment copi\u00e9e ou distribu\u00e9e par l\u2019interm\u00e9diaire du site, veuillez en avertir imm\u00e9diatement Agrauxine \u00e0 l\u2019adresse suivante:<\/p>\r\n<p><strong>Agrauxine<\/strong><br \/>4 Rue Henri Becquerel, 49070 Beaucouz\u00e9 \u2013 France<\/p>\r\n<p>\u00e0 l\u2019attention du Service Juridique.<\/p>\r\n<h3>Vos Communications avec Agrauxine<\/h3>\r\n<p>Vos messages seront toujours les bienvenus sur le Site Agrauxine. Tout message ou document que vous transmettez au Site Web par courrier \u00e9lectronique ou autrement, y compris par exemple renseignements personnels, questions ou r\u00e9ponses, commentaires, suggestions ou autre, ne rev\u00eat aucun caract\u00e8re confidentiel ni exclusif et sera trait\u00e9 en tant que tel. Tout ce que vous transmettez ou mettez en ligne pourra \u00eatre utilis\u00e9 par Agrauxine ou bien accord\u00e9 par licence \u00e0 des tiers par Agrauxine, pour tout objet que ce soit, y compris mais sans \u00eatre limit\u00e9 \u00e0, la location de listes de publipostage, les propositions de produits ou de services, la reproduction, divulgation, transmission, publication, radiodiffusion et mise en ligne sur Internet. Par ailleurs, Agrauxine est libre d\u2019utiliser toute id\u00e9e, concept, savoir-faire ou techniques contenus dans tout message que vous adressez au Site Web quel qu\u2019en soit l\u2019objet.<\/p>\r\n<h3>Exclusion de responsabilit\u00e9<\/h3>\r\n<p>Il est possible que les documents sur ce site contiennent des inexactitudes ou des erreurs. L\u2019usage et la visite de ce Site Web se fait \u00e0 vos risques. Ni Agrauxine ni aucune autre partie impliqu\u00e9e dans la cr\u00e9ation, la r\u00e9alisation ou la livraison de ce Site ne sera tenue de verser de dommages-int\u00e9r\u00eats directs ou indirects r\u00e9sultant de votre acc\u00e8s ou utilisation du Site. Agrauxine ne garantit pas que les aspects fonctionnels du Site Web ne seront jamais interrompus ou exempts d\u2019erreurs, ni que ce Site Web, ou le serveur qui permet d\u2019y acc\u00e9der, est exempt de virus ou autres composants dangereux. Sans limiter ce qui pr\u00e9c\u00e8de, tout ce qui se trouve sur le Site vous est propos\u00e9 \u00ab\u00a0EN L\u2019\u00c9TAT\u00a0\u00bb, c\u2019est-\u00e0-dire SANS GARANTIE D\u2019AUCUNE SORTE, EXPRESSE OU IMPLICITE. Agrauxine se r\u00e9serve le droit de proc\u00e9der \u00e0 des changements sur ce Site Web \u00e0 tout moment et sans pr\u00e9avis.<\/p>\r\n<h3>Liens<\/h3>\r\n<p>Agrauxine ne peut \u00eatre responsable des liens cr\u00e9\u00e9s directement ou indirectement \u00e0 partir de son site, ainsi que du contenu des autres sites. La cr\u00e9ation de liens hypertextes vers le site ne peut \u00eatre faite qu\u2019avec l\u2019autorisation \u00e9crite et pr\u00e9alable de Agrauxine qui pourra \u00eatre r\u00e9voqu\u00e9e \u00e0 tout moment. L\u2019existence d\u2019un lien quelconque \u00e0 des sites li\u00e9s au site www.Agrauxine.com n\u2019implique pas l\u2019approbation par Agrauxine du contenu des pages situ\u00e9es hors de son site ou de tout autre site li\u00e9 au site www.Agrauxine.com. Par cons\u00e9quent, le fait d\u2019acc\u00e9der par un lien \u00e0 d\u2019autres pages hors-site ou \u00e0 d\u2019autres sites rel\u00e8ve de votre enti\u00e8re responsabilit\u00e9.<\/p>\r\n<p>Conform\u00e9ment \u00e0 la loi Informatique et Libert\u00e9s n\u00b078-17 du 6 janvier 1978, le traitement des donn\u00e9es nominatives sur le site www.Agrauxine.com fait l\u2019objet d\u2019une d\u00e9claration \u00e0 la CNIL.<\/p>\r\n<p>Vous disposez d\u2019un droit d\u2019acc\u00e8s de modification, de rectification et de suppression des donn\u00e9es vous concernant.<\/p>\r\n<p>Pour cela, il vous suffit d\u2019adresser votre demande par courrier \u00e0 l\u2019adresse suivante :<br \/>Agrauxine \u2013\u00a0Direction Communication<br \/>4 Rue Henri Becquerel \u2013 49070 Beaucouz\u00e9 \u2013 France<\/p>\r\n<h3>Informations cookies<\/h3>\r\n<p>Afin de mieux vous servir, nous mesurons le nombre de pages vues, le nombre de visites, ainsi que l\u2019activit\u00e9 des visiteurs sur le site, et leur fr\u00e9quence de retour. \u00c0 cet effet, nous utilisons la technologie des \u201ccookies\u201d, ceux-ci sont \u00e9mis par le serveur de la soci\u00e9t\u00e9 OVH, h\u00e9bergeur du site www.Agrauxine.com.<br \/>Les cookies utilis\u00e9s par www.Agrauxine.com contiennent : un identifiant unique, g\u00e9n\u00e9r\u00e9 al\u00e9atoirement et la date de votre derni\u00e8re venue.<\/p>\r\n<p>Vous pouvez vous opposer \u00e0 l\u2019enregistrement de cookies en configurant votre ordinateur de la mani\u00e8re suivante :<\/p>\r\n<p>Pour Microsoft Internet Explorer :<br \/>1. choisissez le menu \u00ab Outils \u00bb, puis \u00ab Options Internet \u00bb<br \/>2. cliquez sur l\u2019onglet \u00ab Confidentialit\u00e9 \u00bb<br \/>3. d\u00e9placez le curseur tout en haut, le texte Bloquer tous les cookies doit alors apparaitre<br \/>4. Cliquez sur Appliquer puis OK pour enregistrer<\/p>\r\n<p>Pour Mozilla Firefox :<br \/>1. Cliquez sur le menu de Firefox en haut \u00e0 droite puis Options<br \/>2. Cliquez sur l\u2019onglet Vie priv\u00e9e<br \/>3. Dans Historique &gt; R\u00e8gles de conservation, s\u00e9lectionnez utiliser les param\u00e8tres personnalis\u00e9s pour l\u2019historique<br \/>4. D\u00e9cochez la case Accepter les cookies pour les d\u00e9sactiver<\/p>\r\n<p>Pour Google Chrome :<br \/>1. Cliquez sur le menu Chrome en haut \u00e0 droite puis s\u00e9lectionnez Param\u00e8tres<br \/>2. Au bas de la page, cliquez sur Afficher les param\u00e8tres avanc\u00e9s<br \/>3. Dans Confidentialit\u00e9 &gt; Param\u00e8tres de contenu, s\u00e9lectionnez Interdire \u00e0 tous les sites de stocker des donn\u00e9es<br \/>4. Enfin, cliquez sur OK pour enregistrer<\/p>\r\n<p>Pour Safari :<br \/>1. Cliquez sur le menu Safari puis s\u00e9lectionnez Pr\u00e9f\u00e9rences &gt; S\u00e9curit\u00e9<br \/>2. Puis dans la zone Accepter les cookies s\u00e9lectionnez Jamais<\/p>\r\n<h3>Comp\u00e9tence<\/h3>\r\n<p>En cas de litige, la loi fran\u00e7aise est seule applicable et les tribunaux de Lille (France) seront seuls comp\u00e9tents.<br \/>\u00a9 2016 \u2013 Agrauxine \u00a0\u2013 Tous droits r\u00e9serv\u00e9s.<\/p>\r\n<p><strong>Directeur de la publication :<\/strong><br \/>Mr Hugo BONY<\/p>\r\n<p><strong>Propri\u00e9taire \/ Editeur du site :<\/strong><br \/>\u00ab AGRAUXINE \u00a0\u00bb :<br \/>4 Rue Henri Becquerel<\/p>\r\n<p>49070 Beaucouz\u00e9<\/p>\r\n<p>France<\/p>\r\n","protected":false},"excerpt":{"rendered":"<p>TERMES ET CONDITIONS du Site Web AgrauxineCe Site Web sur Internet vous est pr\u00e9sent\u00e9 par Agrauxine\u00ae \u00a0et ses filiales. L\u2019utilisation que vous faites de ce Site Web est r\u00e9gie par les termes et conditions ci-apr\u00e8s. En utilisant ce site, vous acceptez les pr\u00e9sents termes. SI VOUS N\u2019ACCEPTEZ PAS LES TERMES CI-DESSOUS, VEUILLEZ QUITTER\u00a0IMM\u00c9DIATEMENT\u00a0CE SITE WEB. [&hellip;]<\/p>\n","protected":false},"author":1,"featured_media":0,"parent":0,"menu_order":90,"comment_status":"closed","ping_status":"closed","template":"template-mentions.php","meta":{"_acf_changed":false,"footnotes":""},"class_list":["post-3","page","type-page","status-publish","hentry"],"acf":[],"_links":{"self":[{"href":"https:\/\/agrauxine.com\/fr\/wp-json\/wp\/v2\/pages\/3","targetHints":{"allow":["GET"]}}],"collection":[{"href":"https:\/\/agrauxine.com\/fr\/wp-json\/wp\/v2\/pages"}],"about":[{"href":"https:\/\/agrauxine.com\/fr\/wp-json\/wp\/v2\/types\/page"}],"author":[{"embeddable":true,"href":"https:\/\/agrauxine.com\/fr\/wp-json\/wp\/v2\/users\/1"}],"replies":[{"embeddable":true,"href":"https:\/\/agrauxine.com\/fr\/wp-json\/wp\/v2\/comments?post=3"}],"version-history":[{"count":3,"href":"https:\/\/agrauxine.com\/fr\/wp-json\/wp\/v2\/pages\/3\/revisions"}],"predecessor-version":[{"id":4643,"href":"https:\/\/agrauxine.com\/fr\/wp-json\/wp\/v2\/pages\/3\/revisions\/4643"}],"wp:attachment":[{"href":"https:\/\/agrauxine.com\/fr\/wp-json\/wp\/v2\/media?parent=3"}],"curies":[{"name":"wp","href":"https:\/\/api.w.org\/{rel}","templated":true}]}}