{"id":1549,"date":"2020-06-22T12:31:00","date_gmt":"2020-06-22T12:31:00","guid":{"rendered":"http:\/\/agrauxine.kinsta.cloud\/2020\/mentions-legales\/"},"modified":"2020-11-26T23:38:58","modified_gmt":"2020-11-26T23:38:58","slug":"noticia-legal","status":"publish","type":"page","link":"https:\/\/agrauxine.com\/pt-pt\/noticia-legal\/","title":{"rendered":"Not\u00edcia legal"},"content":{"rendered":"\r\n<p>TERMOS E\u00a0CONDI\u00c7\u00d5ES\u00a0para o site Agrauxine<br \/>Este site \u00e9 apresentado pela Agrauxine suas subsidi\u00e1rias. A utiliza\u00e7\u00e3o deste site \u00e9 regida pelos termos e condi\u00e7\u00f5es detalhados a seguir. Ao usar este site, voc\u00ea concorda em cumprir os presentes termos.<\/p>\r\n<p>SE VOC\u00ca\u00a0N\u00c3O ACEITAR OS TERMOS MOSTRADOS ABAIXO, POR FAVOR DEIXE ESTE SITE IMEDIATAMENTE.<\/p>\r\n<h3 class=\"wp-block-heading\">Informa\u00e7\u00e3o legal<\/h3>\r\n<p>O conte\u00fado apresentado neste site www.agrauxine.com foi criado exclusivamente com a finalidade de fornecer informa\u00e7\u00f5es sobre a Agrauxine. N\u00e3o pode ser realizado nenhum uso comercial dos dados mostrados no site sem o acordo pr\u00e9vio por escrito da Agrauxine, o editor do site. O uso do site \u00e9 regido pelos seguintes termos e condi\u00e7\u00f5es.<\/p>\r\n<h3>Condi\u00e7\u00f5es gerais de utiliza\u00e7\u00e3o<\/h3>\r\n<p>O controle e a administra\u00e7\u00e3o do site s\u00e3o efetuados a partir da sede administrativa da Agrauxine em Beaucouz\u00e9 (Fran\u00e7a), que n\u00e3o reivindica que este material esteja adaptado ou dispon\u00edvel para uso em todos os pa\u00edses. Se voc\u00ea estiver usando o site de outras regi\u00f5es, \u00e9 sua responsabilidade assegurar que voc\u00ea est\u00e1 de acordo com as leis e regulamentos locais.<\/p>\r\n<p>Agrauxine se reserva ao direito de modificar ou corrigir o conte\u00fado do site a qualquer momento, sem aviso pr\u00e9vio, al\u00e9m dos presentes termos. Ela n\u00e3o pode ser considerada respons\u00e1vel por quaisquer poss\u00edveis consequ\u00eancias de tais modifica\u00e7\u00f5es. Se qualquer parte destes termos parecer inaplic\u00e1vel, a referida parte ser\u00e1 interpretada de acordo com a lei aplic\u00e1vel, na medida em que for poss\u00edvel e todas as outras disposi\u00e7\u00f5es continuar\u00e3o a serem v\u00e1lidas.<\/p>\r\n<h3>Direito de propriedade intelectual<\/h3>\r\n<p>O site, em sua totalidade, \u00e9 propriedade da Agrauxine, assim como todos os direitos correlatos. Qualquer reprodu\u00e7\u00e3o parcial ou total deve estar sempre sujeita a autoriza\u00e7\u00e3o dos propriet\u00e1rios do site.<br \/>A apresenta\u00e7\u00e3o e o conte\u00fado do site constituem conjuntamente uma \u201cobra\u201d protegida pela legisla\u00e7\u00e3o aplic\u00e1vel relativa aos direitos de propriedade intelectual da Agrauxine.<\/p>\r\n<h3>Direito autoral<\/h3>\r\n<p>O texto, imagens, desenhos, layout e identidade gr\u00e1fica deste site s\u00e3o protegidos pela legisla\u00e7\u00e3o de propriedade intelectual. A c\u00f3pia, extra\u00e7\u00e3o, circula\u00e7\u00e3o, difus\u00e3o ou modifica\u00e7\u00e3o do conte\u00fado deste site para fins comerciais s\u00e3o estritamente proibidos. O download e a impress\u00e3o de texto, imagens e recursos gr\u00e1ficos s\u00e3o autorizados apenas para uso privado, com exclus\u00e3o de todo o uso comercial. A reprodu\u00e7\u00e3o de desenhos, imagens, arquivos de \u00e1udio, sequ\u00eancias de v\u00eddeo e textos em outras publica\u00e7\u00f5es eletr\u00f4nicas ou impressas est\u00e1 sujeita ao acordo pr\u00e9vio por escrito da Agrauxine.<\/p>\r\n<p>Qualquer falta de obten\u00e7\u00e3o de tal autoriza\u00e7\u00e3o ser\u00e1 tratada e perseguida como um caso de viola\u00e7\u00e3o do direito de propriedade intelectual.<\/p>\r\n<p>A Agrauxine autoriza o download de uma c\u00f3pia das informa\u00e7\u00f5es para uma \u00e1rea de armazenamento tempor\u00e1rio estritamente para fins de consulta privada apenas, desde que voc\u00ea n\u00e3o, exclua, altere ou modifique as p\u00e1ginas ou o conte\u00fado em quest\u00e3o, ou altere qualquer logotipo de direitos autorais ou outros s\u00edmbolos, tais como os s\u00edmbolos relativos a marcas registadas, direitos reservados ou quaisquer outros direitos protegidos (direitos de autor, s\u00edmbolos \u201c\u00a9\u201d ou \u201c\u00ae\u201d, etc.), dados de rastreabilidade digital ou qualquer outro aspecto t\u00e9cnico criado para fins de reconhecimento.<\/p>\r\n<h3>Marcas registradas<\/h3>\r\n<p>As marcas registradas e logotipos exibidos no site s\u00e3o registrados e protegidos. Qualquer reprodu\u00e7\u00e3o total ou parcial destas marcas e \/ ou logotipos realizados com base em elementos apresentados no site sem a autoriza\u00e7\u00e3o expressa da Agrauxine constitui um ato de infra\u00e7\u00e3o, punido pelos artigos L.335-2 e seguintes do C\u00f3digo da Propriedade Intelectual.<\/p>\r\n<h3>Bases de dados<\/h3>\r\n<p>As bases de dados criadas pela Agrauxine est\u00e3o protegidas pela lei de direitos autorais e pela lei de 1 de Julho de 1998 que adapta o c\u00f3digo de propriedade intelectual para incorporar a diretiva europeia de 11 de Mar\u00e7o de 1996 relativa \u00e0 prote\u00e7\u00e3o legal das bases de dados. A menos que tenha sido obtido o acordo pr\u00e9vio por escrito da Agrauxine, qualquer reprodu\u00e7\u00e3o, representa\u00e7\u00e3o, adapta\u00e7\u00e3o, tradu\u00e7\u00e3o e \/ ou modifica\u00e7\u00e3o (parcial ou total) ou qualquer transfer\u00eancia para outro site \u00e9 estritamente proibida.<\/p>\r\n<h3>Contesta\u00e7\u00f5es<\/h3>\r\n<p>Com exce\u00e7\u00e3o das disposi\u00e7\u00f5es expressas detalhadas acima, nenhum aspecto do presente documento pode ser interpretado como concess\u00e3o de qualquer licen\u00e7a, direito, direitos autorais ou outros direitos de propriedade intelectual de qualquer forma. Se, na sua qualidade de propriet\u00e1rio de um direito de propriedade intelectual, achar que o seu trabalho foi injustamente copiado ou distribu\u00eddo atrav\u00e9s deste site, por favor informe imediatamente a Agrauxine, escrevendo para o seguinte endere\u00e7o:<\/p>\r\n<p><strong>Agrauxine<\/strong><\/p>\r\n<p>4 rue Henri Becquerel, 49070 Beaucouz\u00e9 \u2013 Fran\u00e7a<br \/>\u00c0 aten\u00e7\u00e3o do departamento jur\u00eddico (Servi\u00e7o Jur\u00eddico).<\/p>\r\n<h3>Contatando Agrauxine<\/h3>\r\n<p>Suas mensagens s\u00e3o sempre bem-vindas no site Agrauxine. Qualquer mensagem ou documento que voc\u00ea possa enviar para o site por e-mail ou por qualquer outro meio, incluindo (por exemplo) dados pessoais, perguntas ou respostas, coment\u00e1rios, sugest\u00f5es ou qualquer outra informa\u00e7\u00e3o ser\u00e1 tratado como n\u00e3o confidencial e n\u00e3o-exclusivo.<\/p>\r\n<p>Quaisquer dados que voc\u00ea possa enviar ou colocar on-line podem ser usados pela Agrauxine ou alocados por terceiros licensiados para qualquer prop\u00f3sito, incluindo (mas n\u00e3o limitado a) o aluguel de listas de mailing, propondo produtos ou servi\u00e7os, reprodu\u00e7\u00e3o, divulga\u00e7\u00e3o, transmiss\u00e3o, publica\u00e7\u00e3o, difus\u00e3o ou inclus\u00e3o na Internet.<\/p>\r\n<p>Al\u00e9m disso, Agrauxine \u00e9 livre para usar qualquer id\u00e9ia, conceito, know-how ou t\u00e9cnicas contidas em qualquer mensagem que voc\u00ea enviar para o site, independentemente do seu assunto.<\/p>\r\n<h3>Exclus\u00e3o de responsabilidade<\/h3>\r\n<p>\u00c9 poss\u00edvel que os documentos apresentados neste site contenham imprecis\u00f5es ou erros. O uso e visitas a este site s\u00e3o realizados por sua conta e risco. Nem a Agrauxine nem qualquer outra parte envolvida na cria\u00e7\u00e3o, produ\u00e7\u00e3o ou entrega deste site ser\u00e1 obrigado a pagar qualquer dano direto ou indireto ou compensa\u00e7\u00e3o resultante do seu acesso ou uso deste site.<\/p>\r\n<p>A Agrauxine n\u00e3o garante que os aspectos funcionais do site nunca ser\u00e3o interrompidos ou estar\u00e3o livres de erros, nem que este site ou o servidor que fornece acesso a ele est\u00e3o livres de v\u00edrus ou outros componentes perigosos.<\/p>\r\n<p>Sem qualquer restri\u00e7\u00e3o, todas as informa\u00e7\u00f5es e dados contidos neste site s\u00e3o propostos \u201cNO ESTADO EM QUE SE ENCONTRAM\u201d, isto \u00e9, SEM GARANTIA EXPRESSA OU IMPL\u00cdCITA DE QUALQUER FORMA. A Agrauxine reserva-se o direito de fazer altera\u00e7\u00f5es neste site a qualquer momento, sem aviso pr\u00e9vio.<\/p>\r\n<h3>Links<\/h3>\r\n<p>A Agrauxine n\u00e3o pode ser considerada respons\u00e1vel por quaisquer links criados direta ou indiretamente a partir de seu site, ou por conte\u00fado de outros sites. A cria\u00e7\u00e3o de links de hipertexto para o site s\u00f3 pode prosseguir sujeita ao acordo pr\u00e9vio por escrito da Agrauxine, que pode ser revogado a qualquer momento. A exist\u00eancia de qualquer link para sites vinculados ao site Agrauxine.com n\u00e3o implica a aprova\u00e7\u00e3o pelo Agrauxine do conte\u00fado das p\u00e1ginas hospedadas no site ou de qualquer outro site vinculado ao site Agrauxine.com. Consequentemente, voc\u00ea acessa outras p\u00e1ginas web ou sites offline por meio de links, por sua conta e risco e sob sua pr\u00f3pria responsabilidade.<\/p>\r\n<p>Em conformidade com a Lei de Prote\u00e7\u00e3o de Dados n.\u00ba 78-17 de 6 de Janeiro de 1978, o tratamento de dados nominativos no site agrauxine.com est\u00e1 sujeito a declara\u00e7\u00e3o \u00e0 CNIL (Autoridade Francesa de Prote\u00e7\u00e3o de Dados). Voc\u00ea tem o direito de acessar, modificar, retificar e excluir quaisquer dados que o concernam.<\/p>\r\n<p>Para o faz\u00ea-lo, envie o seu pedido por escrito para o seguinte endere\u00e7o:<\/p>\r\n<p><strong>Agrauxine \u2013 Communication Group<\/strong><\/p>\r\n<p>4 rue Henri Becquerel, 49070 Beaucouz\u00e9 \u2013 France<\/p>\r\n<h3>Informa\u00e7\u00e3o sobre cookies<\/h3>\r\n<p>A fim de melhorar o nosso servi\u00e7o para voc\u00ea, medimos o n\u00famero de visualiza\u00e7\u00f5es de p\u00e1ginas, o n\u00famero de visitas, al\u00e9m da atividade de visitantes do nosso site, incluindo sua taxa de retorno. Para isso, usamos \u201ccookies\u201d. Estes s\u00e3o emitidos pelo servidor da empresa OVH, que hospeda o site www.Agrauxine.com. Os cookies usados por www.Agrauxine.com cont\u00eam: um identificador exclusivo gerado aleatoriamente, al\u00e9m da data de sua \u00faltima visita.<\/p>\r\n<p>Voc\u00ea pode se recusar a aceitar cookies ou escolher ser informado antes de aceitar cookies configurando seu computador da seguinte maneira:<\/p>\r\n<p>Para o Microsoft Internet Explorer:<\/p>\r\n<p>1. Clique no bot\u00e3o Ferramentas e, em seguida, clique em Op\u00e7\u00f5es da Internet.<\/p>\r\n<p>2. Clique na aba de Privacidade, e em seguida, em \u2018\u2019Avan\u00e7ado\u2019\u2019, clique em \u2018\u2019\u2019Bloquear\u2019\u2019 na op\u00e7\u00e3o de cookies, e em seguida, clique em OK.<\/p>\r\n<p>Para o Mozilla Firefox:<br \/>1. Clique no bot\u00e3o de menu e escolha Op\u00e7\u00f5es<br \/>2. Selecione a guia Privacidade<br \/>3. Em \u2018\u2019Hist\u00f3rico\u2019\u2019, na op\u00e7\u00e3o \u2018\u2019o Firefox ir\u00e1\u2019\u2019, selecione Usar minhas configura\u00e7\u00f5es<br \/>4. Desmarque a op\u00e7\u00e3o \u2018\u2019 Sites podem definir cookies\u2019\u2019<\/p>\r\n<p>Para o Google Chrome:<br \/>1. Clique no bot\u00e3o do menu do Chrome e selecione Configura\u00e7\u00f5es<br \/>2. Na parte inferior da p\u00e1gina, clique em Mostrar configura\u00e7\u00f5es avan\u00e7adas<br \/>3. Para desativar os cookies, em \u2018\u2019Privacidade\u2019\u2019, clique em \u2018\u2019Configura\u00e7\u00f5es de conte\u00fado\u2019\u2019<br \/>4. Clique em \u2018\u2019Bloquear cookies de terceiros e dados do site\u2019\u2019 e em \u2018\u2019conclu\u00eddo.<\/p>\r\n<p>Para\u00a0Safari :<br \/>1. Toque em Ajustes &gt; Safari &gt; Bloquear Cookies<br \/>2. Selecione uma op\u00e7\u00e3o \u201cBloquear Sempre\u201d<\/p>\r\n<h3>Compet\u00eancia jur\u00eddica<\/h3>\r\n<p>Em caso de lit\u00edgio ou disputas, apenas ser\u00e1 aplic\u00e1vel a lei francesa e apenas os tribunais de Lille (Fran\u00e7a) ser\u00e3o considerados competentes.<\/p>\r\n<p>\u00a9 20156\u2013 Agrauxine \u2013 Todos os direitos reservados.<\/p>\r\n<p><strong>Gerente de\u00a0publica\u00e7\u00e3o:<\/strong><br \/>HUGO BONY<\/p>\r\n<p><strong>Propriet\u00e1rio \/editor do site:<\/strong><br \/>\u201cAGRAUXINE (AGRAUXINE)\u201d:<br \/>4 rue Henri Becquerel, 49070 Beaucouz\u00e9 \u2013 France<\/p>\r\n","protected":false},"excerpt":{"rendered":"<p>TERMOS E\u00a0CONDI\u00c7\u00d5ES\u00a0para o site AgrauxineEste site \u00e9 apresentado pela Agrauxine suas subsidi\u00e1rias. A utiliza\u00e7\u00e3o deste site \u00e9 regida pelos termos e condi\u00e7\u00f5es detalhados a seguir. Ao usar este site, voc\u00ea concorda em cumprir os presentes termos. SE VOC\u00ca\u00a0N\u00c3O ACEITAR OS TERMOS MOSTRADOS ABAIXO, POR FAVOR DEIXE ESTE SITE IMEDIATAMENTE. Informa\u00e7\u00e3o legal O conte\u00fado apresentado neste [&hellip;]<\/p>\n","protected":false},"author":1,"featured_media":0,"parent":0,"menu_order":86,"comment_status":"closed","ping_status":"closed","template":"template-mentions.php","meta":{"_acf_changed":false,"footnotes":""},"class_list":["post-1549","page","type-page","status-publish","hentry"],"acf":[],"_links":{"self":[{"href":"https:\/\/agrauxine.com\/pt-pt\/wp-json\/wp\/v2\/pages\/1549","targetHints":{"allow":["GET"]}}],"collection":[{"href":"https:\/\/agrauxine.com\/pt-pt\/wp-json\/wp\/v2\/pages"}],"about":[{"href":"https:\/\/agrauxine.com\/pt-pt\/wp-json\/wp\/v2\/types\/page"}],"author":[{"embeddable":true,"href":"https:\/\/agrauxine.com\/pt-pt\/wp-json\/wp\/v2\/users\/1"}],"replies":[{"embeddable":true,"href":"https:\/\/agrauxine.com\/pt-pt\/wp-json\/wp\/v2\/comments?post=1549"}],"version-history":[{"count":5,"href":"https:\/\/agrauxine.com\/pt-pt\/wp-json\/wp\/v2\/pages\/1549\/revisions"}],"predecessor-version":[{"id":4647,"href":"https:\/\/agrauxine.com\/pt-pt\/wp-json\/wp\/v2\/pages\/1549\/revisions\/4647"}],"wp:attachment":[{"href":"https:\/\/agrauxine.com\/pt-pt\/wp-json\/wp\/v2\/media?parent=1549"}],"curies":[{"name":"wp","href":"https:\/\/api.w.org\/{rel}","templated":true}]}}